{"id":3616,"date":"2020-09-24T15:34:20","date_gmt":"2020-09-24T19:34:20","guid":{"rendered":"https:\/\/tecnar.shany.ca\/home-page\/"},"modified":"2026-03-17T12:02:59","modified_gmt":"2026-03-17T16:02:59","slug":"home-page","status":"publish","type":"page","link":"https:\/\/tecnar.com\/fr\/","title":{"rendered":"Home page"},"content":{"rendered":"","protected":false},"excerpt":{"rendered":"<p> [&#8230;]<\/p>\n<p><a class=\"btn btn-secondary understrap-read-more-link\" href=\"https:\/\/tecnar.com\/fr\/\">Lire la suite&#8230;<\/a><\/p>\n","protected":false},"author":1,"featured_media":0,"parent":0,"menu_order":0,"comment_status":"closed","ping_status":"closed","template":"page-templates\/tmp_flexible.php","meta":{"_acf_changed":false,"footnotes":""},"acf":[],"yoast_head":"<!-- This site is optimized with the Yoast SEO plugin v24.3 - https:\/\/yoast.com\/wordpress\/plugins\/seo\/ -->\n<title>Tecnar - distinction par l&#039;innovation<\/title>\n<meta name=\"description\" content=\"Tecnar con\u00e7oit, d\u00e9veloppe, fabrique et commercialise des capteurs avanc\u00e9s pour la surveillance et le contr\u00f4le des processus industriels\" \/>\n<meta name=\"robots\" content=\"index, follow, max-snippet:-1, max-image-preview:large, max-video-preview:-1\" \/>\n<link rel=\"canonical\" href=\"https:\/\/tecnar.com\/fr\/\" \/>\n<meta property=\"og:locale\" content=\"fr_FR\" \/>\n<meta property=\"og:type\" content=\"article\" \/>\n<meta property=\"og:title\" content=\"Tecnar - distinction par l&#039;innovation\" \/>\n<meta property=\"og:description\" content=\"Tecnar con\u00e7oit, d\u00e9veloppe, fabrique et commercialise des capteurs avanc\u00e9s pour la surveillance et le contr\u00f4le des processus industriels\" \/>\n<meta property=\"og:url\" content=\"https:\/\/tecnar.com\/fr\/\" \/>\n<meta property=\"og:site_name\" content=\"Tecnar\" \/>\n<meta property=\"article:publisher\" content=\"https:\/\/www.facebook.com\/tecnarautomation\" \/>\n<meta property=\"article:modified_time\" content=\"2026-03-17T16:02:59+00:00\" \/>\n<meta property=\"og:image\" content=\"https:\/\/tecnar.com\/wp-content\/uploads\/2023\/10\/3-1.jpg\" \/>\n\t<meta property=\"og:image:width\" content=\"1200\" \/>\n\t<meta property=\"og:image:height\" content=\"627\" \/>\n\t<meta property=\"og:image:type\" content=\"image\/jpeg\" \/>\n<meta name=\"twitter:card\" content=\"summary_large_image\" \/>\n<meta name=\"twitter:title\" content=\"Thermal spray monitoring solution | Tecnar spray sensors\" \/>\n<meta name=\"twitter:description\" content=\"The use of spray sensors is the ultimate industry 4.0 quality control for thermal sprayed coatings and optimizing all spray processes.\" \/>\n<script type=\"application\/ld+json\" class=\"yoast-schema-graph\">{\"@context\":\"https:\/\/schema.org\",\"@graph\":[{\"@type\":\"WebPage\",\"@id\":\"https:\/\/tecnar.com\/fr\/\",\"url\":\"https:\/\/tecnar.com\/fr\/\",\"name\":\"Tecnar - distinction par l'innovation\",\"isPartOf\":{\"@id\":\"https:\/\/tecnar.shany.ca\/#website\"},\"datePublished\":\"2020-09-24T19:34:20+00:00\",\"dateModified\":\"2026-03-17T16:02:59+00:00\",\"description\":\"Tecnar con\u00e7oit, d\u00e9veloppe, fabrique et commercialise des capteurs avanc\u00e9s pour la surveillance et le contr\u00f4le des processus industriels\",\"breadcrumb\":{\"@id\":\"https:\/\/tecnar.com\/fr\/#breadcrumb\"},\"inLanguage\":\"fr-FR\",\"potentialAction\":[{\"@type\":\"ReadAction\",\"target\":[\"https:\/\/tecnar.com\/fr\/\"]}]},{\"@type\":\"BreadcrumbList\",\"@id\":\"https:\/\/tecnar.com\/fr\/#breadcrumb\",\"itemListElement\":[{\"@type\":\"ListItem\",\"position\":1,\"name\":\"Home\",\"item\":\"https:\/\/tecnar.com\/fr\/\"},{\"@type\":\"ListItem\",\"position\":2,\"name\":\"Home page\"}]},{\"@type\":\"WebSite\",\"@id\":\"https:\/\/tecnar.shany.ca\/#website\",\"url\":\"https:\/\/tecnar.shany.ca\/\",\"name\":\"Tecnar\",\"description\":\"\",\"publisher\":{\"@id\":\"https:\/\/tecnar.shany.ca\/#organization\"},\"potentialAction\":[{\"@type\":\"SearchAction\",\"target\":{\"@type\":\"EntryPoint\",\"urlTemplate\":\"https:\/\/tecnar.shany.ca\/?s={search_term_string}\"},\"query-input\":{\"@type\":\"PropertyValueSpecification\",\"valueRequired\":true,\"valueName\":\"search_term_string\"}}],\"inLanguage\":\"fr-FR\"},{\"@type\":\"Organization\",\"@id\":\"https:\/\/tecnar.shany.ca\/#organization\",\"name\":\"Tecnar Automation Ltd\",\"url\":\"https:\/\/tecnar.shany.ca\/\",\"logo\":{\"@type\":\"ImageObject\",\"inLanguage\":\"fr-FR\",\"@id\":\"https:\/\/tecnar.shany.ca\/#\/schema\/logo\/image\/\",\"url\":\"https:\/\/tecnar.com\/wp-content\/uploads\/2023\/06\/TECNAR_texte_inv-coul.png\",\"contentUrl\":\"https:\/\/tecnar.com\/wp-content\/uploads\/2023\/06\/TECNAR_texte_inv-coul.png\",\"width\":808,\"height\":312,\"caption\":\"Tecnar Automation Ltd\"},\"image\":{\"@id\":\"https:\/\/tecnar.shany.ca\/#\/schema\/logo\/image\/\"},\"sameAs\":[\"https:\/\/www.facebook.com\/tecnarautomation\",\"https:\/\/www.linkedin.com\/showcase\/31417539\/admin\/\",\"https:\/\/www.youtube.com\/channel\/UC7qFPP09wxGIoOYJS1_drzA\"]}]}<\/script>\n<!-- \/ Yoast SEO plugin. -->","yoast_head_json":{"title":"Tecnar - distinction par l'innovation","description":"Tecnar con\u00e7oit, d\u00e9veloppe, fabrique et commercialise des capteurs avanc\u00e9s pour la surveillance et le contr\u00f4le des processus industriels","robots":{"index":"index","follow":"follow","max-snippet":"max-snippet:-1","max-image-preview":"max-image-preview:large","max-video-preview":"max-video-preview:-1"},"canonical":"https:\/\/tecnar.com\/fr\/","og_locale":"fr_FR","og_type":"article","og_title":"Tecnar - distinction par l'innovation","og_description":"Tecnar con\u00e7oit, d\u00e9veloppe, fabrique et commercialise des capteurs avanc\u00e9s pour la surveillance et le contr\u00f4le des processus industriels","og_url":"https:\/\/tecnar.com\/fr\/","og_site_name":"Tecnar","article_publisher":"https:\/\/www.facebook.com\/tecnarautomation","article_modified_time":"2026-03-17T16:02:59+00:00","og_image":[{"width":1200,"height":627,"url":"https:\/\/tecnar.com\/wp-content\/uploads\/2023\/10\/3-1.jpg","type":"image\/jpeg"}],"twitter_card":"summary_large_image","twitter_title":"Thermal spray monitoring solution | Tecnar spray sensors","twitter_description":"The use of spray sensors is the ultimate industry 4.0 quality control for thermal sprayed coatings and optimizing all spray processes.","schema":{"@context":"https:\/\/schema.org","@graph":[{"@type":"WebPage","@id":"https:\/\/tecnar.com\/fr\/","url":"https:\/\/tecnar.com\/fr\/","name":"Tecnar - distinction par l'innovation","isPartOf":{"@id":"https:\/\/tecnar.shany.ca\/#website"},"datePublished":"2020-09-24T19:34:20+00:00","dateModified":"2026-03-17T16:02:59+00:00","description":"Tecnar con\u00e7oit, d\u00e9veloppe, fabrique et commercialise des capteurs avanc\u00e9s pour la surveillance et le contr\u00f4le des processus industriels","breadcrumb":{"@id":"https:\/\/tecnar.com\/fr\/#breadcrumb"},"inLanguage":"fr-FR","potentialAction":[{"@type":"ReadAction","target":["https:\/\/tecnar.com\/fr\/"]}]},{"@type":"BreadcrumbList","@id":"https:\/\/tecnar.com\/fr\/#breadcrumb","itemListElement":[{"@type":"ListItem","position":1,"name":"Home","item":"https:\/\/tecnar.com\/fr\/"},{"@type":"ListItem","position":2,"name":"Home page"}]},{"@type":"WebSite","@id":"https:\/\/tecnar.shany.ca\/#website","url":"https:\/\/tecnar.shany.ca\/","name":"Tecnar","description":"","publisher":{"@id":"https:\/\/tecnar.shany.ca\/#organization"},"potentialAction":[{"@type":"SearchAction","target":{"@type":"EntryPoint","urlTemplate":"https:\/\/tecnar.shany.ca\/?s={search_term_string}"},"query-input":{"@type":"PropertyValueSpecification","valueRequired":true,"valueName":"search_term_string"}}],"inLanguage":"fr-FR"},{"@type":"Organization","@id":"https:\/\/tecnar.shany.ca\/#organization","name":"Tecnar Automation Ltd","url":"https:\/\/tecnar.shany.ca\/","logo":{"@type":"ImageObject","inLanguage":"fr-FR","@id":"https:\/\/tecnar.shany.ca\/#\/schema\/logo\/image\/","url":"https:\/\/tecnar.com\/wp-content\/uploads\/2023\/06\/TECNAR_texte_inv-coul.png","contentUrl":"https:\/\/tecnar.com\/wp-content\/uploads\/2023\/06\/TECNAR_texte_inv-coul.png","width":808,"height":312,"caption":"Tecnar Automation Ltd"},"image":{"@id":"https:\/\/tecnar.shany.ca\/#\/schema\/logo\/image\/"},"sameAs":["https:\/\/www.facebook.com\/tecnarautomation","https:\/\/www.linkedin.com\/showcase\/31417539\/admin\/","https:\/\/www.youtube.com\/channel\/UC7qFPP09wxGIoOYJS1_drzA"]}]}},"_links":{"self":[{"href":"https:\/\/tecnar.com\/fr\/wp-json\/wp\/v2\/pages\/3616"}],"collection":[{"href":"https:\/\/tecnar.com\/fr\/wp-json\/wp\/v2\/pages"}],"about":[{"href":"https:\/\/tecnar.com\/fr\/wp-json\/wp\/v2\/types\/page"}],"author":[{"embeddable":true,"href":"https:\/\/tecnar.com\/fr\/wp-json\/wp\/v2\/users\/1"}],"replies":[{"embeddable":true,"href":"https:\/\/tecnar.com\/fr\/wp-json\/wp\/v2\/comments?post=3616"}],"version-history":[{"count":12,"href":"https:\/\/tecnar.com\/fr\/wp-json\/wp\/v2\/pages\/3616\/revisions"}],"predecessor-version":[{"id":4123,"href":"https:\/\/tecnar.com\/fr\/wp-json\/wp\/v2\/pages\/3616\/revisions\/4123"}],"wp:attachment":[{"href":"https:\/\/tecnar.com\/fr\/wp-json\/wp\/v2\/media?parent=3616"}],"curies":[{"name":"wp","href":"https:\/\/api.w.org\/{rel}","templated":true}]}}